{"id":8,"date":"2014-06-24T14:37:12","date_gmt":"2014-06-24T13:37:12","guid":{"rendered":"http:\/\/lagny-volley.fr\/?page_id=8"},"modified":"2018-08-27T16:48:35","modified_gmt":"2018-08-27T15:48:35","slug":"horaires-et-lieu","status":"publish","type":"page","link":"https:\/\/lagny-volley.fr\/?page_id=8","title":{"rendered":"Horaires et Lieu"},"content":{"rendered":"<p>Le club vous accueille :<br \/>\nle lundi de 20h00 \u00e0 22h30<\/p>\n<p>Au gymnase du coll\u00e8ge Saint Laurent, rue Alfred Br\u00e9bion (en face du lyc\u00e9e Saint Laurent) \u00e0 Lagny sur Marne.<\/p>\n<p><iframe loading=\"lazy\" src=\"https:\/\/www.google.com\/maps\/embed?pb=!1m10!1m8!1m3!1d1312.1071813678398!2d2.708082796694633!3d48.873189939346446!3m2!1i1024!2i768!4f13.1!5e0!3m2!1sfr!2sfr!4v1396037061215\" width=\"600\" height=\"450\" frameborder=\"0\" style=\"border:0\"&gt;&lt;\/iframe><\/p>\n","protected":false},"excerpt":{"rendered":"<p>Le club vous accueille : le lundi de 20h00 \u00e0 22h30 Au gymnase du coll\u00e8ge Saint Laurent, rue Alfred Br\u00e9bion (en face du lyc\u00e9e Saint Laurent) \u00e0 Lagny sur Marne.<\/p>\n","protected":false},"author":1,"featured_media":0,"parent":0,"menu_order":1,"comment_status":"closed","ping_status":"open","template":"","meta":{"footnotes":""},"_links":{"self":[{"href":"https:\/\/lagny-volley.fr\/index.php?rest_route=\/wp\/v2\/pages\/8"}],"collection":[{"href":"https:\/\/lagny-volley.fr\/index.php?rest_route=\/wp\/v2\/pages"}],"about":[{"href":"https:\/\/lagny-volley.fr\/index.php?rest_route=\/wp\/v2\/types\/page"}],"author":[{"embeddable":true,"href":"https:\/\/lagny-volley.fr\/index.php?rest_route=\/wp\/v2\/users\/1"}],"replies":[{"embeddable":true,"href":"https:\/\/lagny-volley.fr\/index.php?rest_route=%2Fwp%2Fv2%2Fcomments&post=8"}],"version-history":[{"count":3,"href":"https:\/\/lagny-volley.fr\/index.php?rest_route=\/wp\/v2\/pages\/8\/revisions"}],"predecessor-version":[{"id":415,"href":"https:\/\/lagny-volley.fr\/index.php?rest_route=\/wp\/v2\/pages\/8\/revisions\/415"}],"wp:attachment":[{"href":"https:\/\/lagny-volley.fr\/index.php?rest_route=%2Fwp%2Fv2%2Fmedia&parent=8"}],"curies":[{"name":"wp","href":"https:\/\/api.w.org\/{rel}","templated":true}]}}